{"id":12127,"date":"2018-01-05T15:43:36","date_gmt":"2018-01-05T22:43:36","guid":{"rendered":"http:\/\/avantion.com.mx\/avantion\/?page_id=12127"},"modified":"2021-07-06T19:03:16","modified_gmt":"2021-07-07T02:03:16","slug":"social-media","status":"publish","type":"page","link":"https:\/\/avantion.com.mx\/avantion\/social-media\/","title":{"rendered":"Social Media PRO &#8211; Curso de Redes Sociales en Culiac\u00e1n"},"content":{"rendered":"<p>[vc_row css_animation=&#8221;&#8221; row_type=&#8221;row&#8221; use_row_as_full_screen_section=&#8221;no&#8221; type=&#8221;full_width&#8221; oblique_section=&#8221;no&#8221; text_align=&#8221;left&#8221; background_color=&#8221;#ffffff&#8221;][vc_column][vc_row_inner row_type=&#8221;row&#8221; type=&#8221;full_width&#8221; use_row_as_full_screen_section_slide=&#8221;no&#8221; text_align=&#8221;left&#8221; css_animation=&#8221;&#8221;][vc_column_inner offset=&#8221;vc_hidden-sm vc_hidden-xs&#8221;][vc_empty_space height=&#8221;90px&#8221; image_repeat=&#8221;no-repeat&#8221;][\/vc_column_inner][\/vc_row_inner][vc_row_inner row_type=&#8221;row&#8221; type=&#8221;grid&#8221; use_row_as_full_screen_section_slide=&#8221;no&#8221; text_align=&#8221;center&#8221; padding_top=&#8221;10&#8243; css_animation=&#8221;&#8221; el_id=&#8221;intro&#8221;][vc_column_inner][vc_column_text]<\/p>\n<h1 style=\"text-align: center;\"><span style=\"color: #ff0000;\">Social Media PRO<\/span><\/h1>\n<h1 style=\"text-align: center;\"><span style=\"color: #0d283f;\">M\u00e1s que all\u00e1 de la Administraci\u00f3n de Redes Sociales<\/span><\/h1>\n<p>[\/vc_column_text][\/vc_column_inner][\/vc_row_inner][vc_row_inner row_type=&#8221;row&#8221; type=&#8221;grid&#8221; use_row_as_full_screen_section_slide=&#8221;no&#8221; text_align=&#8221;center&#8221; padding_top=&#8221;50&#8243; padding_bottom=&#8221;50&#8243; css_animation=&#8221;&#8221; el_id=&#8221;temario&#8221;][vc_column_inner width=&#8221;1\/12&#8243;][\/vc_column_inner][vc_column_inner width=&#8221;5\/12&#8243;][vc_column_text]<\/p>\n<p style=\"text-align: left;\"><span style=\"font-size: 14pt;\"><span style=\"color: #000000;\"><strong>Incursiona, actual\u00edzate y mejora<\/strong> tu desempe\u00f1o en Redes Sociales.<\/span><\/span><\/p>\n<p style=\"text-align: left;\"><span style=\"font-size: 14pt;\"><span style=\"color: #000000;\">Se parte del taller m\u00e1s completo en Social Media.<\/span><\/span><\/p>\n<p style=\"text-align: left;\"><span style=\"font-size: 14pt;\"><span style=\"color: #000000;\">Aprende a implementar estrategias para tus plataformas sociales, a realizar segmentaciones detalladas e invertir de la forma correcta.<\/span><\/span><\/p>\n<p style=\"text-align: left;\"><span style=\"font-size: 14pt;\"><span style=\"color: #000000;\">A\u00fan est\u00e1s a tiempo de <strong>dar el primer paso<\/strong>.<\/span> <\/span><\/p>\n<p>[\/vc_column_text][vc_separator type=&#8221;transparent&#8221; up=&#8221;10&#8243;][vc_column_text]<\/p>\n<h3 style=\"text-align: left;\"><strong>\u00bfQu\u00e9 vas a aprender?<\/strong><\/h3>\n<p>[\/vc_column_text][vc_separator type=&#8221;transparent&#8221; up=&#8221;10&#8243;][vc_column_text]<\/p>\n<ul>\n<li style=\"text-align: left;\"><strong>\u00bfQu\u00e9 es Social Media?<\/strong><\/li>\n<li style=\"text-align: left;\"><strong>Reputaci\u00f3n digital<\/strong><\/li>\n<li style=\"text-align: left;\"><strong>Estrategia de Social Media y Generaci\u00f3n de contenido<\/strong><\/li>\n<li style=\"text-align: left;\"><strong>Community Management<\/strong><\/li>\n<li style=\"text-align: left;\"><strong>Social Ads<\/strong><\/li>\n<li style=\"text-align: left;\"><strong>Medici\u00f3n<\/strong><\/li>\n<li style=\"text-align: left;\"><strong>Tendencias<\/strong><\/li>\n<\/ul>\n<p>[\/vc_column_text][vc_separator type=&#8221;transparent&#8221; up=&#8221;10&#8243;][\/vc_column_inner][vc_column_inner width=&#8221;1\/12&#8243;][\/vc_column_inner][vc_column_inner width=&#8221;1\/3&#8243; css=&#8221;.vc_custom_1530671190073{background-color: #2677bf !important;}&#8221;][vc_column_text]<\/p>\n<h3 style=\"text-align: center;\"><span style=\"color: #ffffff;\"><strong>Descarga temario completo,<\/strong><\/span><\/h3>\n<h3 style=\"text-align: center;\"><span style=\"color: #ffffff;\"><strong>precio e informaci\u00f3n general<\/strong><\/span><\/h3>\n<p>[\/vc_column_text][vc_separator type=&#8221;transparent&#8221; up=&#8221;10&#8243;]<div role=\"form\" class=\"wpcf7\" id=\"wpcf7-f11883-o1\" lang=\"es-ES\" dir=\"ltr\">\n<div class=\"screen-reader-response\"><p role=\"status\" aria-live=\"polite\" aria-atomic=\"true\"><\/p> <ul><\/ul><\/div>\n<form action=\"\/avantion\/wp-json\/wp\/v2\/pages\/12127#wpcf7-f11883-o1\" method=\"post\" class=\"wpcf7-form init cf7_custom_style_3\" novalidate=\"novalidate\" data-status=\"init\">\n<div style=\"display: none;\">\n<input type=\"hidden\" name=\"_wpcf7\" value=\"11883\" \/>\n<input type=\"hidden\" name=\"_wpcf7_version\" value=\"5.4.1\" \/>\n<input type=\"hidden\" name=\"_wpcf7_locale\" value=\"es_ES\" \/>\n<input type=\"hidden\" name=\"_wpcf7_unit_tag\" value=\"wpcf7-f11883-o1\" \/>\n<input type=\"hidden\" name=\"_wpcf7_container_post\" value=\"0\" \/>\n<input type=\"hidden\" name=\"_wpcf7_posted_data_hash\" value=\"\" \/>\n<\/div>\n<p><label> <span class=\"wpcf7-form-control-wrap your-name\"><input type=\"text\" name=\"your-name\" value=\"\" size=\"40\" maxlength=\"25\" minlength=\"4\" class=\"wpcf7-form-control wpcf7-text wpcf7-validates-as-required\" aria-required=\"true\" aria-invalid=\"false\" placeholder=\"Nombre\" \/><\/span> <\/label><\/p>\n<p><label> <span class=\"wpcf7-form-control-wrap lastname\"><input type=\"text\" name=\"lastname\" value=\"\" size=\"40\" maxlength=\"140\" minlength=\"4\" class=\"wpcf7-form-control wpcf7-text\" aria-invalid=\"false\" placeholder=\"Apellidos\" \/><\/span> <\/label><\/p>\n<p><label> <span class=\"wpcf7-form-control-wrap your-email\"><input type=\"email\" name=\"your-email\" value=\"\" size=\"40\" class=\"wpcf7-form-control wpcf7-text wpcf7-email wpcf7-validates-as-required wpcf7-validates-as-email\" aria-required=\"true\" aria-invalid=\"false\" placeholder=\"Correo\" \/><\/span> <\/label><\/p>\n<p><label> <span class=\"wpcf7-form-control-wrap WhatsApp\"><input type=\"tel\" name=\"WhatsApp\" value=\"\" size=\"40\" maxlength=\"10\" minlength=\"10\" class=\"wpcf7-form-control wpcf7-text wpcf7-tel wpcf7-validates-as-tel\" aria-invalid=\"false\" placeholder=\"WhatsApp\" \/><\/span> <\/label><\/p>\n<p><label>Al proporcionar tus datos permites que te contactemos y usemos tus datos de manera responsable y exclusiva.<\/label><\/p>\n<p><label> <span class=\"wpcf7-form-control-wrap checkbox-199\"><span class=\"wpcf7-form-control wpcf7-checkbox wpcf7-validates-as-required\"><span class=\"wpcf7-list-item first last\"><input type=\"checkbox\" name=\"checkbox-199[]\" value=\"Acepto t\u00e9rminos y condiciones (requerido)\" checked=\"checked\" \/><span class=\"wpcf7-list-item-label\">Acepto t\u00e9rminos y condiciones (requerido)<\/span><\/span><\/span><\/span> <br><br \/>\n <\/label><\/p>\n<p><input type=\"submit\" value=\"Descargar\" class=\"wpcf7-form-control wpcf7-submit\" \/><\/p>\n<div class=\"wpcf7-response-output\" aria-hidden=\"true\"><\/div><\/form><\/div>[vc_raw_html]JTNDc2NyaXB0JTNFJTBBZG9jdW1lbnQuYWRkRXZlbnRMaXN0ZW5lciUyOCUyMCUyN3dwY2Y3bWFpbHNlbnQlMjclMkMlMjBmdW5jdGlvbiUyOCUyMGV2ZW50JTIwJTI5JTIwJTdCJTBBJTIwJTIwJTIwJTIwbG9jYXRpb24lMjAlM0QlMjAlMjdodHRwJTNBJTJGJTJGYXZhbnRpb24uY29tLm14JTJGYXZhbnRpb24lMkZpbmZvc21wJTJGJTNGb3JnYW5pY28lMjclM0IlMEElN0QlMkMlMjBmYWxzZSUyMCUyOSUzQiUwQSUzQyUyRnNjcmlwdCUzRQ==[\/vc_raw_html][vc_separator type=&#8221;transparent&#8221; up=&#8221;10&#8243;][\/vc_column_inner][vc_column_inner width=&#8221;1\/12&#8243;][\/vc_column_inner][\/vc_row_inner][vc_row_inner row_type=&#8221;row&#8221; type=&#8221;grid&#8221; use_row_as_full_screen_section_slide=&#8221;no&#8221; text_align=&#8221;center&#8221; background_color=&#8221;#f2f2f2&#8243; padding_top=&#8221;50&#8243; padding_bottom=&#8221;50&#8243; css_animation=&#8221;&#8221; el_id=&#8221;expertos&#8221;][vc_column_inner width=&#8221;1\/12&#8243;][\/vc_column_inner][vc_column_inner width=&#8221;10\/12&#8243;][vc_column_text]<\/p>\n<h1 style=\"text-align: center;\"><span style=\"color: #ff0000;\">Experto<\/span><\/h1>\n<p>[\/vc_column_text][vc_separator type=&#8221;transparent&#8221; up=&#8221;25&#8243;][vc_column_text]<\/p>\n<h3 style=\"text-align: left;\" align=\"left\"><strong>Pablo Rodr\u00edguez<\/strong><\/h3>\n<p style=\"text-align: left;\" align=\"left\"><span style=\"font-size: 24pt;\"><strong>Director de Avantion<\/strong><\/span><\/p>\n<p style=\"text-align: left;\" align=\"left\"><span style=\"font-size: 14pt;\">Ingeniero Industrial con Maestr\u00eda en Administraci\u00f3n de Negocios con especialidad en Marketing.<\/span><\/p>\n<p style=\"text-align: left;\" align=\"left\"><span style=\"font-size: 14pt;\">Ha impartido novedosos cursos en el uso de herramientas para Marketing Digital como Email Marketing, Remarketing para Facebook y Facebook Ads.<\/span><\/p>\n<p>[\/vc_column_text][\/vc_column_inner][vc_column_inner width=&#8221;1\/12&#8243;][\/vc_column_inner][\/vc_row_inner][vc_row_inner row_type=&#8221;row&#8221; type=&#8221;grid&#8221; use_row_as_full_screen_section_slide=&#8221;no&#8221; text_align=&#8221;center&#8221; padding_top=&#8221;50&#8243; padding_bottom=&#8221;50&#8243; css_animation=&#8221;&#8221; el_id=&#8221;target&#8221;][vc_column_inner width=&#8221;1\/12&#8243;][\/vc_column_inner][vc_column_inner width=&#8221;10\/12&#8243;][vc_column_text]<\/p>\n<h1 style=\"text-align: center;\"><span style=\"color: #ff0000;\">\u00bfQui\u00e9n debe tomarlo?<\/span><\/h1>\n<p>[\/vc_column_text][vc_separator type=&#8221;transparent&#8221; up=&#8221;25&#8243;]<div class='mkd_list circle animate_list'><\/p>\n<ul>\n<li style=\"text-align: left;\"><span style=\"font-size: 14pt;\"><strong>Gerentes<\/strong> o coordinadores de las \u00e1reas de<strong> mercadotecnia, comunicaci\u00f3n y publicidad<\/strong> de empresas.<\/span><\/li>\n<li style=\"text-align: left;\"><span style=\"font-size: 14pt;\"><strong>Community<\/strong> y content <strong>managers<\/strong>.<\/span><\/li>\n<li style=\"text-align: left;\"><span style=\"font-size: 14pt;\"><strong>Estudiantes y profesionistas<\/strong> de las carreras de <strong>comunicaci\u00f3n, mercadotecnia, dise\u00f1o gr\u00e1fico<\/strong> y afines.<\/span><\/li>\n<li style=\"text-align: left;\"><span style=\"font-size: 14pt;\"><strong>Directores de empresas<\/strong>, directores comerciales y <strong>gerentes de ventas<\/strong>.<\/span><\/li>\n<li style=\"text-align: left;\"><span style=\"font-size: 14pt;\"><strong>Profesionistas de agencias<\/strong> de mercadotecnia y publicidad<\/span><\/li>\n<li style=\"text-align: left;\"><span style=\"font-size: 14pt;\">Y todo aquel que est\u00e9 interesado en hacer m\u00e1s eficiente el\u00a0manejo de <strong>marca<\/strong> en <strong>medios digitales<\/strong>.<\/span><\/li>\n<\/ul>\n<p align=\"left\"><span style=\"font-size: 14pt;\">\u00a0<\/span><\/p>\n<p align=\"left\"><\/div>[\/vc_column_inner][vc_column_inner width=&#8221;1\/12&#8243;][\/vc_column_inner][\/vc_row_inner][vc_row_inner row_type=&#8221;row&#8221; type=&#8221;grid&#8221; use_row_as_full_screen_section_slide=&#8221;no&#8221; text_align=&#8221;center&#8221; padding_top=&#8221;50&#8243; padding_bottom=&#8221;50&#8243; css_animation=&#8221;&#8221;][vc_column_inner width=&#8221;1\/12&#8243;][\/vc_column_inner][vc_column_inner width=&#8221;5\/12&#8243;][vc_single_image image=&#8221;12436&#8243; img_size=&#8221;medium&#8221; alignment=&#8221;center&#8221; mkd_css_animation=&#8221;&#8221;][vc_separator type=&#8221;transparent&#8221; up=&#8221;10&#8243;][\/vc_column_inner][vc_column_inner width=&#8221;5\/12&#8243;][vc_single_image image=&#8221;12435&#8243; img_size=&#8221;medium&#8221; alignment=&#8221;center&#8221; mkd_css_animation=&#8221;&#8221;][\/vc_column_inner][vc_column_inner width=&#8221;1\/12&#8243;][\/vc_column_inner][\/vc_row_inner][vc_row_inner row_type=&#8221;row&#8221; type=&#8221;grid&#8221; use_row_as_full_screen_section_slide=&#8221;no&#8221; text_align=&#8221;center&#8221; padding_top=&#8221;50&#8243; padding_bottom=&#8221;50&#8243; css_animation=&#8221;&#8221; el_id=&#8221;pagos&#8221;][vc_column_inner width=&#8221;1\/12&#8243;][\/vc_column_inner][vc_column_inner width=&#8221;1\/3&#8243;][vc_column_text]<\/p>\n<h1 style=\"text-align: center;\"><span style=\"color: #ff0000;\">Log\u00edstica<\/span><\/h1>\n<p>[\/vc_column_text][vc_separator type=&#8221;transparent&#8221; up=&#8221;25&#8243;][vc_column_text]<\/p>\n<p style=\"text-align: left;\">Este programa se llevar\u00e1 a cabo en las instalaciones de <strong>Avantion<\/strong>.<\/p>\n<p style=\"text-align: left;\">Se impartir\u00e1 en 4 sesiones sabatinas.<\/p>\n<p style=\"text-align: left;\">En un horario de <strong>09:00 a 13:00<\/strong> horas.<\/p>\n<p style=\"text-align: left;\"><strong>Exclusivo<\/strong> para 12 participantes<\/p>\n<p style=\"text-align: left;\"><strong>\u00a1Asegura tu lugar!<\/strong><\/p>\n<p>[\/vc_column_text][\/vc_column_inner][vc_column_inner width=&#8221;1\/12&#8243;][\/vc_column_inner][vc_column_inner width=&#8221;5\/12&#8243;][vc_column_text]<\/p>\n<h1 style=\"text-align: center;\"><span style=\"color: #ff0000;\">Inscr\u00edbete aqu\u00ed mismo<\/span><\/h1>\n<p>[\/vc_column_text][vc_separator type=&#8221;transparent&#8221; up=&#8221;25&#8243;][vc_column_text]<\/p>\n<p style=\"text-align: left;\"><span style=\"font-size: 14pt;\">Recibimos\u00a0pagos de contado, a trav\u00e9s de transferencia electr\u00f3nica, cheques, dep\u00f3sitos en cuenta, pagos con tarjetas en oficina o PayPal.<\/span><\/p>\n<h2 style=\"text-align: left;\"><span style=\"color: #bf0202;\">Precio de lista:<\/span><\/h2>\n<h2 style=\"text-align: left;\">5,990.00 MXN<\/h2>\n<p style=\"text-align: left;\"><strong>(IVA Incluido)<\/strong><\/p>\n<p>&nbsp;<\/p>\n<h2 style=\"text-align: left;\"><span style=\"color: #bf0202;\">Pago anticipado:<\/span><\/h2>\n<h2 style=\"text-align: left;\">4,990.00 MXN<\/h2>\n<p style=\"text-align: left;\"><strong>(IVA Incluido)<\/strong><\/p>\n<p style=\"text-align: left;\"><span style=\"font-size: 14pt;\">Aparta tu lugar aqu\u00ed mismo con 1500.00 pesos<\/span><\/p>\n<p>&nbsp;<\/p>\n<p style=\"text-align: left;\" align=\"left\">\u00a0 <a href=\"http:\/\/avantion.com.mx\/avantion\/pago-social-media-manager\/?landingSMM\/\" target=\"_self\" rel=\"noopener\"><input alt=\"Pago en l\u00ednea Avantion\" height=\"\" src=\"http:\/\/avantion.com.mx\/avantion\/wp-content\/uploads\/Paga.png\" type=\"image\" width=\"200\" \/><\/a><\/p>\n<p style=\"text-align: left;\"><span style=\"font-size: 12pt;\">Puedes solicitar tambi\u00e9n:<\/span><\/p>\n<p style=\"text-align: left;\"><span style=\"font-size: 12pt;\">6 mensualidades* con todas las tarjetas de cr\u00e9dito pagando en oficina (Visa, MasterCard, American Express).<\/span><\/p>\n<p style=\"text-align: left;\"><span style=\"font-size: 8pt;\">Nota: En caso de existir promociones, no son acumulables con otro tipo de beneficio \/ Se aplican comisiones por meses sin intereses.<\/span><\/p>\n<p>[\/vc_column_text][\/vc_column_inner][vc_column_inner width=&#8221;1\/12&#8243;][\/vc_column_inner][\/vc_row_inner][vc_raw_html]JTNDc2NyaXB0JTNFJTBBZmJxJTI4JTI3dHJhY2slMjclMkMlMjAlMjdTTU0lMjclMjklM0IlMEElM0MlMkZzY3JpcHQlM0UlMEElM0NzY3JpcHQlM0UlMEElMjAlMjBmYnElMjglMjd0cmFjayUyNyUyQyUyMCUyN1ZpZXdDb250ZW50JTI3JTI5JTNCJTBBJTNDJTJGc2NyaXB0JTNF[\/vc_raw_html][\/vc_column][\/vc_row]<\/p>\n","protected":false},"excerpt":{"rendered":"<p>[vc_row css_animation=&#8221;&#8221; row_type=&#8221;row&#8221; use_row_as_full_screen_section=&#8221;no&#8221; type=&#8221;full_width&#8221; oblique_section=&#8221;no&#8221; text_align=&#8221;left&#8221; background_color=&#8221;#ffffff&#8221;][vc_column][vc_row_inner row_type=&#8221;row&#8221; type=&#8221;full_width&#8221; use_row_as_full_screen_section_slide=&#8221;no&#8221; text_align=&#8221;left&#8221; css_animation=&#8221;&#8221;][vc_column_inner offset=&#8221;vc_hidden-sm vc_hidden-xs&#8221;][vc_empty_space height=&#8221;90px&#8221; image_repeat=&#8221;no-repeat&#8221;][\/vc_column_inner][\/vc_row_inner][vc_row_inner row_type=&#8221;row&#8221; type=&#8221;grid&#8221; use_row_as_full_screen_section_slide=&#8221;no&#8221; text_align=&#8221;center&#8221; padding_top=&#8221;10&#8243; css_animation=&#8221;&#8221; el_id=&#8221;intro&#8221;][vc_column_inner][vc_column_text] Social Media PRO M\u00e1s que all\u00e1 de la Administraci\u00f3n de Redes Sociales [\/vc_column_text][\/vc_column_inner][\/vc_row_inner][vc_row_inner row_type=&#8221;row&#8221; type=&#8221;grid&#8221; use_row_as_full_screen_section_slide=&#8221;no&#8221; text_align=&#8221;center&#8221; padding_top=&#8221;50&#8243; padding_bottom=&#8221;50&#8243; css_animation=&#8221;&#8221; el_id=&#8221;temario&#8221;][vc_column_inner width=&#8221;1\/12&#8243;][\/vc_column_inner][vc_column_inner width=&#8221;5\/12&#8243;][vc_column_text] Incursiona, actual\u00edzate y mejora tu desempe\u00f1o en Redes Sociales. Se parte del taller m\u00e1s completo en Social Media. Aprende a implementar estrategias para tus plataformas sociales, a realizar segmentaciones detalladas e invertir de la forma correcta. A\u00fan est\u00e1s a tiempo de dar el primer paso. [\/vc_column_text][vc_separator type=&#8221;transparent&#8221; up=&#8221;10&#8243;][vc_column_text] \u00bfQu\u00e9 vas a aprender? [\/vc_column_text][vc_separator&#8230;<\/p>\n","protected":false},"author":1,"featured_media":12436,"parent":0,"menu_order":0,"comment_status":"closed","ping_status":"closed","template":"full_width.php","meta":[],"amp_enabled":false,"_links":{"self":[{"href":"https:\/\/avantion.com.mx\/avantion\/wp-json\/wp\/v2\/pages\/12127"}],"collection":[{"href":"https:\/\/avantion.com.mx\/avantion\/wp-json\/wp\/v2\/pages"}],"about":[{"href":"https:\/\/avantion.com.mx\/avantion\/wp-json\/wp\/v2\/types\/page"}],"author":[{"embeddable":true,"href":"https:\/\/avantion.com.mx\/avantion\/wp-json\/wp\/v2\/users\/1"}],"replies":[{"embeddable":true,"href":"https:\/\/avantion.com.mx\/avantion\/wp-json\/wp\/v2\/comments?post=12127"}],"version-history":[{"count":56,"href":"https:\/\/avantion.com.mx\/avantion\/wp-json\/wp\/v2\/pages\/12127\/revisions"}],"predecessor-version":[{"id":38667,"href":"https:\/\/avantion.com.mx\/avantion\/wp-json\/wp\/v2\/pages\/12127\/revisions\/38667"}],"wp:featuredmedia":[{"embeddable":true,"href":"https:\/\/avantion.com.mx\/avantion\/wp-json\/wp\/v2\/media\/12436"}],"wp:attachment":[{"href":"https:\/\/avantion.com.mx\/avantion\/wp-json\/wp\/v2\/media?parent=12127"}],"curies":[{"name":"wp","href":"https:\/\/api.w.org\/{rel}","templated":true}]}}